{"id":976,"date":"2025-03-12T02:18:08","date_gmt":"2025-03-12T02:18:08","guid":{"rendered":"https:\/\/www.tlheatpress.com:8182\/?page_id=976"},"modified":"2026-01-19T08:11:44","modified_gmt":"2026-01-19T08:11:44","slug":"sales-support","status":"publish","type":"page","link":"https:\/\/www.fuyuanvehicle.com\/es\/sales-support\/","title":{"rendered":"Ventas y asistencia"},"content":{"rendered":"<div class=\"path_bar\">\n        <div class=\"layout\" style=\"margin:0 auto\">\n            <ul>\n                <li><a href=\"\/\">Inicio<\/a><\/li>\n                <!--\u9762\u5305\u5c51-->\n               <li><a href=\"\">Ventas y asistencia<\/a><\/li>\n            <\/ul>\n        <\/div>\n    <\/div>\n\n\n\n<h1 class=\"wp-block-heading has-text-align-center sh h20 layout ch mb2\" style=\"font-size:30px\"><strong>Soluciones integradas de transporte en remolque para su empresa<\/strong><\/h1>\n\n\n\n<h2 class=\"wp-block-heading has-text-align-left layout h2t mb2 h20\" style=\"font-size:28px\"><strong>Convi\u00e9rtase en distribuidor<\/strong><\/h2>\n\n\n\n<p class=\"layout mb2\">Shandong Fuyuan Vehicle Co., Ltd. es un proveedor de gama alta de equipos de log\u00edstica y transporte de energ\u00eda, que integra I+D, fabricaci\u00f3n inteligente, ventas globales y servicio integral. Situada en Shandong, uno de los principales centros industriales de China, la empresa ocupa una superficie de 60.000 metros cuadrados y cuenta con modernos talleres estandarizados y m\u00faltiples l\u00edneas de producci\u00f3n inteligentes. Gracias a sus avanzadas t\u00e9cnicas de fabricaci\u00f3n y a sus avanzados sistemas de pruebas, la empresa cuenta con una gran capacidad de producci\u00f3n a gran escala de veh\u00edculos especializados.<\/p>\n\n\n\n<h2 class=\"wp-block-heading has-text-align-left layout h2t mb2 h20\" style=\"font-size:28px\"><strong>Ventajas para los distribuidores<\/strong><\/h2>\n\n\n\n<div class=\"wp-block-columns layout mb3 gap is-layout-flex wp-container-core-columns-is-layout-1 wp-block-columns-is-layout-flex\">\n<div class=\"wp-block-column iconCard is-layout-flow wp-block-column-is-layout-flow\"><div class=\"wp-block-image mb10\">\n<figure class=\"aligncenter size-full is-resized\"><img loading=\"lazy\" decoding=\"async\" width=\"256\" height=\"256\" src=\"https:\/\/www.fuyuanvehicle.com\/wp-content\/uploads\/2025\/12\/industry.png\" alt=\"Equipos de producci\u00f3n\" class=\"wp-image-7558\" style=\"width:160px\" srcset=\"https:\/\/www.fuyuanvehicle.com\/wp-content\/uploads\/2025\/12\/industry.png 256w, https:\/\/www.fuyuanvehicle.com\/wp-content\/uploads\/2025\/12\/industry-150x150.png 150w, https:\/\/www.fuyuanvehicle.com\/wp-content\/uploads\/2025\/12\/industry-12x12.png 12w\" sizes=\"auto, (max-width: 256px) 100vw, 256px\" \/><\/figure><\/div>\n\n\n<h3 class=\"wp-block-heading has-text-align-center mb10\" style=\"font-size:18px\">Equipos de producci\u00f3n<\/h3>\n\n\n\n<p class=\"line2\">Equipada con l\u00edneas de producci\u00f3n de soldadura robotizada, equipos de corte por l\u00e1ser, l\u00edneas de montaje automatizadas y sistemas de inspecci\u00f3n digital, realiza el control digital de todo el proceso, desde el procesamiento de la materia prima hasta el montaje del veh\u00edculo.<\/p>\n<\/div>\n\n\n\n<div class=\"wp-block-column iconCard is-layout-flow wp-block-column-is-layout-flow\"><div class=\"wp-block-image mb10\">\n<figure class=\"aligncenter size-full is-resized\"><img loading=\"lazy\" decoding=\"async\" width=\"256\" height=\"256\" src=\"https:\/\/www.fuyuanvehicle.com\/wp-content\/uploads\/2025\/12\/platform.png\" alt=\"Sistema de I+D\" class=\"wp-image-7559\" style=\"width:160px\" srcset=\"https:\/\/www.fuyuanvehicle.com\/wp-content\/uploads\/2025\/12\/platform.png 256w, https:\/\/www.fuyuanvehicle.com\/wp-content\/uploads\/2025\/12\/platform-150x150.png 150w, https:\/\/www.fuyuanvehicle.com\/wp-content\/uploads\/2025\/12\/platform-12x12.png 12w\" sizes=\"auto, (max-width: 256px) 100vw, 256px\" \/><\/figure><\/div>\n\n\n<h3 class=\"wp-block-heading has-text-align-center mb10\" style=\"font-size:18px\">Sistema de I+D<\/h3>\n\n\n\n<p class=\"line2\">Introdujo sistemas de dise\u00f1o CAD\/CAE, con un centro de I+D de veh\u00edculos especiales a nivel provincial, centrado en la innovaci\u00f3n en dise\u00f1o ligero, tecnolog\u00eda anticorrosi\u00f3n y sistemas de supervisi\u00f3n inteligentes.<\/p>\n<\/div>\n\n\n\n<div class=\"wp-block-column iconCard is-layout-flow wp-block-column-is-layout-flow\"><div class=\"wp-block-image mb10\">\n<figure class=\"aligncenter size-full is-resized\"><img loading=\"lazy\" decoding=\"async\" width=\"256\" height=\"256\" src=\"https:\/\/www.fuyuanvehicle.com\/wp-content\/uploads\/2025\/12\/in-stock-1.png\" alt=\"Matriz de productos\" class=\"wp-image-7557\" style=\"width:160px\" srcset=\"https:\/\/www.fuyuanvehicle.com\/wp-content\/uploads\/2025\/12\/in-stock-1.png 256w, https:\/\/www.fuyuanvehicle.com\/wp-content\/uploads\/2025\/12\/in-stock-1-150x150.png 150w, https:\/\/www.fuyuanvehicle.com\/wp-content\/uploads\/2025\/12\/in-stock-1-12x12.png 12w\" sizes=\"auto, (max-width: 256px) 100vw, 256px\" \/><\/figure><\/div>\n\n\n<h3 class=\"wp-block-heading has-text-align-center mb10\" style=\"font-size:18px\">Matriz de productos<\/h3>\n\n\n\n<p class=\"line2\">Cubre 6 grandes series y m\u00e1s de 100 modelos: semirremolques ferroviarios, semirremolques est\u00e1ndar, semirremolques de transporte de contenedores, semirremolques tipo caja, semirremolques basculantes de plataforma plana, veh\u00edculos especializados de ingenier\u00eda, veh\u00edculos de transporte de polvo a granel.<\/p>\n<\/div>\n\n\n\n<div class=\"wp-block-column iconCard is-layout-flow wp-block-column-is-layout-flow\"><div class=\"wp-block-image mb10\">\n<figure class=\"aligncenter size-full is-resized\"><img loading=\"lazy\" decoding=\"async\" width=\"256\" height=\"256\" src=\"https:\/\/www.fuyuanvehicle.com\/wp-content\/uploads\/2025\/12\/assurance.png\" alt=\"Control de calidad\" class=\"wp-image-7556\" style=\"width:160px\" srcset=\"https:\/\/www.fuyuanvehicle.com\/wp-content\/uploads\/2025\/12\/assurance.png 256w, https:\/\/www.fuyuanvehicle.com\/wp-content\/uploads\/2025\/12\/assurance-150x150.png 150w, https:\/\/www.fuyuanvehicle.com\/wp-content\/uploads\/2025\/12\/assurance-12x12.png 12w\" sizes=\"auto, (max-width: 256px) 100vw, 256px\" \/><\/figure><\/div>\n\n\n<h3 class=\"wp-block-heading has-text-align-center mb10\" style=\"font-size:18px\">Control de calidad<\/h3>\n\n\n\n<p class=\"line2\">Control de calidad de todo el proceso: inspecci\u00f3n de materias primas \u2192 inspecci\u00f3n de calidad durante el proceso \u2192 prueba en carretera del producto acabado; todos los productos han superado la certificaci\u00f3n CCC, y algunos productos han obtenido las certificaciones CE, ISO, ADR,OTTC, WVTA.<\/p>\n<\/div>\n<\/div>\n\n\n\n<h2 class=\"wp-block-heading has-text-align-left layout h2t mb2 h20\" style=\"font-size:28px\"><strong>Servicio y garant\u00eda<\/strong><\/h2>\n\n\n\n<div class=\"wp-block-columns layout coLine is-layout-flex wp-container-core-columns-is-layout-2 wp-block-columns-is-layout-flex\">\n<div class=\"wp-block-column is-vertically-aligned-center numBg is-layout-flow wp-block-column-is-layout-flow\" style=\"flex-basis:10%\">\n<p class=\"has-text-align-center\">Paso<\/p>\n\n\n\n<p class=\"has-text-align-center\" style=\"font-size:40px\"><strong>01<\/strong><\/p>\n<\/div>\n\n\n\n<div class=\"wp-block-column is-vertically-aligned-center numCont is-layout-flow wp-block-column-is-layout-flow\" style=\"flex-basis:90%\">\n<h3 class=\"wp-block-heading h18\" style=\"font-size:22px\">Servicios OEM\/ODM<\/h3>\n\n\n\n<p class=\"line2 pa\">Admite la producci\u00f3n personalizada; puede ajustar el tama\u00f1o del veh\u00edculo, la capacidad de carga y la configuraci\u00f3n (por ejemplo, el sistema hidr\u00e1ulico o el revestimiento anticorrosi\u00f3n) seg\u00fan las necesidades del cliente; ofrece servicio de producci\u00f3n de muestras (Sample Available).<\/p>\n<\/div>\n<\/div>\n\n\n\n<div class=\"wp-block-columns layout coLine is-layout-flex wp-container-core-columns-is-layout-3 wp-block-columns-is-layout-flex\">\n<div class=\"wp-block-column is-vertically-aligned-center numBg is-layout-flow wp-block-column-is-layout-flow\" style=\"flex-basis:10%\">\n<p class=\"has-text-align-center\">Paso<\/p>\n\n\n\n<p class=\"has-text-align-center\" style=\"font-size:40px\"><strong>02<\/strong><\/p>\n<\/div>\n\n\n\n<div class=\"wp-block-column is-vertically-aligned-center numCont is-layout-flow wp-block-column-is-layout-flow\" style=\"flex-basis:90%\">\n<h3 class=\"wp-block-heading h18\" style=\"font-size:22px\">Garant\u00eda de transacci\u00f3n<\/h3>\n\n\n\n<p class=\"line2 pa\">Pagos globales, entregados de forma segura y directa. Desde la recepci\u00f3n del pago hasta el env\u00edo, ofrecemos una protecci\u00f3n total.<\/p>\n<\/div>\n<\/div>\n\n\n\n<div class=\"wp-block-columns layout coLine is-layout-flex wp-container-core-columns-is-layout-4 wp-block-columns-is-layout-flex\">\n<div class=\"wp-block-column is-vertically-aligned-center numBg is-layout-flow wp-block-column-is-layout-flow\" style=\"flex-basis:10%\">\n<p class=\"has-text-align-center\">Paso<\/p>\n\n\n\n<p class=\"has-text-align-center\" style=\"font-size:40px\"><strong>03<\/strong><\/p>\n<\/div>\n\n\n\n<div class=\"wp-block-column is-vertically-aligned-center numCont is-layout-flow wp-block-column-is-layout-flow\" style=\"flex-basis:90%\">\n<h3 class=\"wp-block-heading h18\" style=\"font-size:22px\">Servicios log\u00edsticos<\/h3>\n\n\n\n<p class=\"line2 pa\">Nacional: 48-72 horas de entrega; Ultramar: Cooperar con los clientes para completar la conexi\u00f3n de transporte mar\u00edtimo en los puertos designados (por ejemplo, Puerto de Qingdao, Puerto de Shanghai), proporcionando embalaje est\u00e1ndar de exportaci\u00f3n.<\/p>\n<\/div>\n<\/div>\n\n\n\n<div class=\"wp-block-columns layout coLine mb3 is-layout-flex wp-container-core-columns-is-layout-5 wp-block-columns-is-layout-flex\">\n<div class=\"wp-block-column is-vertically-aligned-center numBg is-layout-flow wp-block-column-is-layout-flow\" style=\"flex-basis:10%\">\n<p class=\"has-text-align-center\">Paso<\/p>\n\n\n\n<p class=\"has-text-align-center\" style=\"font-size:40px\"><strong>04<\/strong><\/p>\n<\/div>\n\n\n\n<div class=\"wp-block-column is-vertically-aligned-center numCont is-layout-flow wp-block-column-is-layout-flow\" style=\"flex-basis:90%\">\n<h3 class=\"wp-block-heading h18\" style=\"font-size:22px\">Garant\u00eda posventa<\/h3>\n\n\n\n<p class=\"line2 pa\">Todos los productos ofrecen 3 a\u00f1os de garant\u00eda + mantenimiento de por vida; m\u00e1s de 20 puntos de servicio en todo el pa\u00eds; los clientes extranjeros pueden obtener asistencia posventa a trav\u00e9s de distribuidores.<\/p>\n<\/div>\n<\/div>\n\n\n\n<style>\n.line2{\nline-height:2em\n}\n.gap{\ngap:2px!important\n}\n       .bgImg {\n\n       background-image: url(\/wp-content\/uploads\/2025\/11\/title_bg.webp) !important;\n    background-size: cover;\n    background-repeat: no-repeat;\n    background-position: top;\n    height: 13vw;\n    display: flex;\n    align-items: center;\n    justify-content: center;\n   \n        }\n\n.mb3{\nmargin-bottom:3%!important\n}\n.mb2{\nmargin-bottom:2%\n}\n.mb10{\nmargin-bottom:10%\n}\n.tableBody table td{ \nborder-color:#d8d8d8!important;\npadding:14px 20px!important;\n\nline-height:1.8\n}\n.tableBody table td:first-child{\nbackground-color: #f5f5f5; \/* \u80cc\u666f\u989c\u8272\uff0c\u53ef\u6539 *\/\n  width: 25%;              \/* \u63a7\u5236\u7b2c\u4e00\u5217\u5bbd\u5ea6 *\/\n  font-weight: bold;         \/* \u53ef\u9009\uff1a\u8ba9\u6807\u9898\u66f4\u6e05\u6670 *\/\n  \n}\n\n.tbBtn{\nmargin-top:15px\n}\n.tbBtn a{\n    border: 1px solid #264195;\n    padding: 10px 30px;\n    \/* margin-top: 20px; *\/\n    color: #264195;\n    font-weight: bold;\ntransition:.5s ease;\nfont-size:16px\n\n}\n.tbBtn a:hover{\nbackground:#013878!important;\ncolor:#fff!important;\n border: 1px solid #013878!important;\n\n}\n.h2t{\n    padding-bottom: 0;\n    position: relative;\n    padding-left: 20px;\n}\n.h2t:after {\n  \n    bottom: 0;\n    content: \" \";\n    \/* display: block; *\/\n    left: 0;\n    position: absolute;\n    width: 10px;\n    background: #ffc632 !important;\n    height: 100%;\n    visibility: visible!important;\n}\n\n.iconCard{\n    background: #26419512;\n    padding: 20px;\n\n}\n.iconCard h3{\ncolor:#013878\n}\n.p14{\nborder-bottom: 1px solid #264195;\n    width: fit-content;\n    margin: 0 auto 10px;\ncolor:#264195\n}\n.numBg{\n    background: #013878;\n    color: #fff;\n    padding: 35px 10px;\n\n\n}\n.coLine{\nborder-bottom:1px solid #d3d3d3\n\n}\n.wp-container-core-columns-is-layout-11{\nbackground:#eee;\nmargin-bottom:0!important;\n    padding: 5% 0;\n\n}\n.butn{\ntext-align: center;\n    background: #26419514;\n    padding: 30px;\n}\n\n@media screen and (min-width:781px){\n   \n\n} \n#header_inquiry-form {\n  \n    box-shadow: none !important;\n\n    border: 1px solid #eee !important;\n}\n\n    <\/style>\n\n\n\n<style>\n@media screen and (max-width:781px){\n.h20{\nfont-size:20px!important\n}\n\n  .has-fixed-layout,\n  .has-fixed-layout tbody,\n  .has-fixed-layout tr,\n  .has-fixed-layout td {\n    display: block;\n    width: 100%;\n  }\n\n\n\n  \/* \u7b2c\u4e00\u5217\uff1a\u6807\u9898 *\/\n  .has-fixed-layout td:first-child {\n   \n    width: 100%!important;\n  }\n\n  \/* \u7b2c\u4e8c\u5217\uff1a\u5185\u5bb9 *\/\n  .has-fixed-layout td:last-child {\n \n    width: 100%;\n  }\n.numBg{\npadding:15px 10px!important\n\n}\n.coLine{\nmargin-bottom:15px\n\n}\n}\n\n<\/style>\n\n\n\n<p><\/p>","protected":false},"excerpt":{"rendered":"<p>Inicio Ventas y asistencia Soluciones integradas de transporte en remolque para su negocio Convi\u00e9rtase en distribuidor Shandong Fuyuan Vehicle Co., Ltd. es un proveedor de gama alta de equipos de transporte de log\u00edstica y energ\u00eda, que integra I+D, fabricaci\u00f3n inteligente, ventas globales y servicio integral. Situada en Shandong, uno de los principales centros industriales de China, la empresa ocupa una superficie de 60, 000 [...]<\/p>","protected":false},"author":1,"featured_media":7426,"parent":0,"menu_order":0,"comment_status":"closed","ping_status":"closed","template":"","meta":{"footnotes":""},"class_list":["post-976","page","type-page","status-publish","has-post-thumbnail","hentry"],"yoast_head":"<!-- This site is optimized with the Yoast SEO plugin v24.4 - https:\/\/yoast.com\/wordpress\/plugins\/seo\/ -->\n<title>Sales &amp; Support - Fuyuan Heavy Trailer Factory<\/title>\n<meta name=\"description\" content=\"Free Optic supply professional Laser equipment Technical Support , Welcome to contact us!\" \/>\n<meta name=\"robots\" content=\"index, follow, max-snippet:-1, max-image-preview:large, max-video-preview:-1\" \/>\n<link rel=\"canonical\" href=\"https:\/\/www.fuyuanvehicle.com\/es\/sales-support\/\" \/>\n<meta property=\"og:locale\" content=\"es_ES\" \/>\n<meta property=\"og:type\" content=\"article\" \/>\n<meta property=\"og:title\" content=\"Sales &amp; Support - Fuyuan Heavy Trailer Factory\" \/>\n<meta property=\"og:description\" content=\"Free Optic supply professional Laser equipment Technical Support , Welcome to contact us!\" \/>\n<meta property=\"og:url\" content=\"https:\/\/www.fuyuanvehicle.com\/es\/sales-support\/\" \/>\n<meta property=\"og:site_name\" content=\"SHANDONG FUYUAN VEHICLE CO., LTD.\" \/>\n<meta property=\"article:publisher\" content=\"https:\/\/www.facebook.com\/FuyuanVehicle\" \/>\n<meta property=\"article:modified_time\" content=\"2026-01-19T08:11:44+00:00\" \/>\n<meta property=\"og:image\" content=\"https:\/\/www.fuyuanvehicle.com\/wp-content\/uploads\/2025\/12\/dropside-semi-trailer.webp\" \/>\n\t<meta property=\"og:image:width\" content=\"800\" \/>\n\t<meta property=\"og:image:height\" content=\"800\" \/>\n\t<meta property=\"og:image:type\" content=\"image\/webp\" \/>\n<meta name=\"twitter:card\" content=\"summary_large_image\" \/>\n<meta name=\"twitter:label1\" content=\"Est. reading time\" \/>\n\t<meta name=\"twitter:data1\" content=\"3 minutos\" \/>\n<script type=\"application\/ld+json\" class=\"yoast-schema-graph\">{\"@context\":\"https:\/\/schema.org\",\"@graph\":[{\"@type\":\"WebPage\",\"@id\":\"https:\/\/www.fuyuanvehicle.com\/sales-support\/\",\"url\":\"https:\/\/www.fuyuanvehicle.com\/sales-support\/\",\"name\":\"Sales & Support - Fuyuan Heavy Trailer Factory\",\"isPartOf\":{\"@id\":\"https:\/\/www.fuyuanvehicle.com\/#website\"},\"primaryImageOfPage\":{\"@id\":\"https:\/\/www.fuyuanvehicle.com\/sales-support\/#primaryimage\"},\"image\":{\"@id\":\"https:\/\/www.fuyuanvehicle.com\/sales-support\/#primaryimage\"},\"thumbnailUrl\":\"https:\/\/www.fuyuanvehicle.com\/wp-content\/uploads\/2025\/12\/dropside-semi-trailer.webp\",\"datePublished\":\"2025-03-12T02:18:08+00:00\",\"dateModified\":\"2026-01-19T08:11:44+00:00\",\"description\":\"Free Optic supply professional Laser equipment Technical Support , Welcome to contact us!\",\"breadcrumb\":{\"@id\":\"https:\/\/www.fuyuanvehicle.com\/sales-support\/#breadcrumb\"},\"inLanguage\":\"es\",\"potentialAction\":[{\"@type\":\"ReadAction\",\"target\":[\"https:\/\/www.fuyuanvehicle.com\/sales-support\/\"]}]},{\"@type\":\"ImageObject\",\"inLanguage\":\"es\",\"@id\":\"https:\/\/www.fuyuanvehicle.com\/sales-support\/#primaryimage\",\"url\":\"https:\/\/www.fuyuanvehicle.com\/wp-content\/uploads\/2025\/12\/dropside-semi-trailer.webp\",\"contentUrl\":\"https:\/\/www.fuyuanvehicle.com\/wp-content\/uploads\/2025\/12\/dropside-semi-trailer.webp\",\"width\":800,\"height\":800,\"caption\":\"dropside semi trailer\"},{\"@type\":\"BreadcrumbList\",\"@id\":\"https:\/\/www.fuyuanvehicle.com\/sales-support\/#breadcrumb\",\"itemListElement\":[{\"@type\":\"ListItem\",\"position\":1,\"name\":\"Home\",\"item\":\"https:\/\/www.fuyuanvehicle.com\/\"},{\"@type\":\"ListItem\",\"position\":2,\"name\":\"Sales &#038; Support\"}]},{\"@type\":\"WebSite\",\"@id\":\"https:\/\/www.fuyuanvehicle.com\/#website\",\"url\":\"https:\/\/www.fuyuanvehicle.com\/\",\"name\":\"SHANDONG FUYUAN VEHICLE CO., LTD.\",\"description\":\"SHANDONG FUYUAN VEHICLE CO., LTD.\",\"publisher\":{\"@id\":\"https:\/\/www.fuyuanvehicle.com\/#organization\"},\"potentialAction\":[{\"@type\":\"SearchAction\",\"target\":{\"@type\":\"EntryPoint\",\"urlTemplate\":\"https:\/\/www.fuyuanvehicle.com\/?s={search_term_string}\"},\"query-input\":{\"@type\":\"PropertyValueSpecification\",\"valueRequired\":true,\"valueName\":\"search_term_string\"}}],\"inLanguage\":\"es\"},{\"@type\":\"Organization\",\"@id\":\"https:\/\/www.fuyuanvehicle.com\/#organization\",\"name\":\"SHANDONG FUYUAN VEHICLE CO., LTD.\",\"url\":\"https:\/\/www.fuyuanvehicle.com\/\",\"logo\":{\"@type\":\"ImageObject\",\"inLanguage\":\"es\",\"@id\":\"https:\/\/www.fuyuanvehicle.com\/#\/schema\/logo\/image\/\",\"url\":\"https:\/\/www.fuyuanvehicle.com\/wp-content\/uploads\/2026\/01\/Fuyuan-Vehicle-Manufacturer-for-Logistics-and-Energy-Transportation-Equipment-1.webp\",\"contentUrl\":\"https:\/\/www.fuyuanvehicle.com\/wp-content\/uploads\/2026\/01\/Fuyuan-Vehicle-Manufacturer-for-Logistics-and-Energy-Transportation-Equipment-1.webp\",\"width\":558,\"height\":414,\"caption\":\"SHANDONG FUYUAN VEHICLE CO., LTD.\"},\"image\":{\"@id\":\"https:\/\/www.fuyuanvehicle.com\/#\/schema\/logo\/image\/\"},\"sameAs\":[\"https:\/\/www.facebook.com\/FuyuanVehicle\",\"https:\/\/www.youtube.com\/@FuyuanVehicle\"]}]}<\/script>\n<!-- \/ Yoast SEO plugin. -->","yoast_head_json":{"title":"Sales & Support - Fuyuan Heavy Trailer Factory","description":"Free Optic supply professional Laser equipment Technical Support , Welcome to contact us!","robots":{"index":"index","follow":"follow","max-snippet":"max-snippet:-1","max-image-preview":"max-image-preview:large","max-video-preview":"max-video-preview:-1"},"canonical":"https:\/\/www.fuyuanvehicle.com\/es\/sales-support\/","og_locale":"es_ES","og_type":"article","og_title":"Sales & Support - Fuyuan Heavy Trailer Factory","og_description":"Free Optic supply professional Laser equipment Technical Support , Welcome to contact us!","og_url":"https:\/\/www.fuyuanvehicle.com\/es\/sales-support\/","og_site_name":"SHANDONG FUYUAN VEHICLE CO., LTD.","article_publisher":"https:\/\/www.facebook.com\/FuyuanVehicle","article_modified_time":"2026-01-19T08:11:44+00:00","og_image":[{"width":800,"height":800,"url":"https:\/\/www.fuyuanvehicle.com\/wp-content\/uploads\/2025\/12\/dropside-semi-trailer.webp","type":"image\/webp"}],"twitter_card":"summary_large_image","twitter_misc":{"Est. reading time":"3 minutos"},"schema":{"@context":"https:\/\/schema.org","@graph":[{"@type":"WebPage","@id":"https:\/\/www.fuyuanvehicle.com\/sales-support\/","url":"https:\/\/www.fuyuanvehicle.com\/sales-support\/","name":"Sales & Support - Fuyuan Heavy Trailer Factory","isPartOf":{"@id":"https:\/\/www.fuyuanvehicle.com\/#website"},"primaryImageOfPage":{"@id":"https:\/\/www.fuyuanvehicle.com\/sales-support\/#primaryimage"},"image":{"@id":"https:\/\/www.fuyuanvehicle.com\/sales-support\/#primaryimage"},"thumbnailUrl":"https:\/\/www.fuyuanvehicle.com\/wp-content\/uploads\/2025\/12\/dropside-semi-trailer.webp","datePublished":"2025-03-12T02:18:08+00:00","dateModified":"2026-01-19T08:11:44+00:00","description":"Free Optic supply professional Laser equipment Technical Support , Welcome to contact us!","breadcrumb":{"@id":"https:\/\/www.fuyuanvehicle.com\/sales-support\/#breadcrumb"},"inLanguage":"es","potentialAction":[{"@type":"ReadAction","target":["https:\/\/www.fuyuanvehicle.com\/sales-support\/"]}]},{"@type":"ImageObject","inLanguage":"es","@id":"https:\/\/www.fuyuanvehicle.com\/sales-support\/#primaryimage","url":"https:\/\/www.fuyuanvehicle.com\/wp-content\/uploads\/2025\/12\/dropside-semi-trailer.webp","contentUrl":"https:\/\/www.fuyuanvehicle.com\/wp-content\/uploads\/2025\/12\/dropside-semi-trailer.webp","width":800,"height":800,"caption":"dropside semi trailer"},{"@type":"BreadcrumbList","@id":"https:\/\/www.fuyuanvehicle.com\/sales-support\/#breadcrumb","itemListElement":[{"@type":"ListItem","position":1,"name":"Home","item":"https:\/\/www.fuyuanvehicle.com\/"},{"@type":"ListItem","position":2,"name":"Sales &#038; Support"}]},{"@type":"WebSite","@id":"https:\/\/www.fuyuanvehicle.com\/#website","url":"https:\/\/www.fuyuanvehicle.com\/","name":"SHANDONG FUYUAN VEHICLE CO., LTD.","description":"SHANDONG FUYUAN VEHICLE CO., LTD.","publisher":{"@id":"https:\/\/www.fuyuanvehicle.com\/#organization"},"potentialAction":[{"@type":"SearchAction","target":{"@type":"EntryPoint","urlTemplate":"https:\/\/www.fuyuanvehicle.com\/?s={search_term_string}"},"query-input":{"@type":"PropertyValueSpecification","valueRequired":true,"valueName":"search_term_string"}}],"inLanguage":"es"},{"@type":"Organization","@id":"https:\/\/www.fuyuanvehicle.com\/#organization","name":"SHANDONG FUYUAN VEHICLE CO., LTD.","url":"https:\/\/www.fuyuanvehicle.com\/","logo":{"@type":"ImageObject","inLanguage":"es","@id":"https:\/\/www.fuyuanvehicle.com\/#\/schema\/logo\/image\/","url":"https:\/\/www.fuyuanvehicle.com\/wp-content\/uploads\/2026\/01\/Fuyuan-Vehicle-Manufacturer-for-Logistics-and-Energy-Transportation-Equipment-1.webp","contentUrl":"https:\/\/www.fuyuanvehicle.com\/wp-content\/uploads\/2026\/01\/Fuyuan-Vehicle-Manufacturer-for-Logistics-and-Energy-Transportation-Equipment-1.webp","width":558,"height":414,"caption":"SHANDONG FUYUAN VEHICLE CO., LTD."},"image":{"@id":"https:\/\/www.fuyuanvehicle.com\/#\/schema\/logo\/image\/"},"sameAs":["https:\/\/www.facebook.com\/FuyuanVehicle","https:\/\/www.youtube.com\/@FuyuanVehicle"]}]}},"_links":{"self":[{"href":"https:\/\/www.fuyuanvehicle.com\/es\/wp-json\/wp\/v2\/pages\/976","targetHints":{"allow":["GET"]}}],"collection":[{"href":"https:\/\/www.fuyuanvehicle.com\/es\/wp-json\/wp\/v2\/pages"}],"about":[{"href":"https:\/\/www.fuyuanvehicle.com\/es\/wp-json\/wp\/v2\/types\/page"}],"author":[{"embeddable":true,"href":"https:\/\/www.fuyuanvehicle.com\/es\/wp-json\/wp\/v2\/users\/1"}],"replies":[{"embeddable":true,"href":"https:\/\/www.fuyuanvehicle.com\/es\/wp-json\/wp\/v2\/comments?post=976"}],"version-history":[{"count":112,"href":"https:\/\/www.fuyuanvehicle.com\/es\/wp-json\/wp\/v2\/pages\/976\/revisions"}],"predecessor-version":[{"id":7855,"href":"https:\/\/www.fuyuanvehicle.com\/es\/wp-json\/wp\/v2\/pages\/976\/revisions\/7855"}],"wp:featuredmedia":[{"embeddable":true,"href":"https:\/\/www.fuyuanvehicle.com\/es\/wp-json\/wp\/v2\/media\/7426"}],"wp:attachment":[{"href":"https:\/\/www.fuyuanvehicle.com\/es\/wp-json\/wp\/v2\/media?parent=976"}],"curies":[{"name":"wp","href":"https:\/\/api.w.org\/{rel}","templated":true}]}}