{"id":7429,"date":"2025-12-10T08:29:08","date_gmt":"2025-12-10T08:29:08","guid":{"rendered":"https:\/\/www.fuyuanvehicle.com\/?page_id=7429"},"modified":"2026-01-19T08:40:02","modified_gmt":"2026-01-19T08:40:02","slug":"video","status":"publish","type":"page","link":"https:\/\/www.fuyuanvehicle.com\/es\/video\/","title":{"rendered":"V\u00eddeo"},"content":{"rendered":"<div class=\"path_bar\">\n        <div class=\"layout\" style=\"margin:0 auto\">\n            <ul>\n                <li><a href=\"\/\">Inicio<\/a><\/li>\n                <!--\u9762\u5305\u5c51-->\n               <li><a href=\"\">V\u00eddeo<\/a><\/li>\n            <\/ul>\n        <\/div>\n    <\/div>\n\n\n\n<h1 class=\"wp-block-heading has-text-align-center layout h20 mb3\" style=\"font-size:30px\">Galer\u00eda de v\u00eddeos del semirremolque Fuyuan<\/h1>\n\n\n\n<p class=\"layout mb3 pa\">Explore la presentaci\u00f3n en v\u00eddeo de Fuyuan con semirremolques pesados en acci\u00f3n, desde <a href=\"https:\/\/www.fuyuanvehicle.com\/flatbed-platform-trailer-category\/\">semirremolque plano<\/a>&nbsp;a <a href=\"https:\/\/www.fuyuanvehicle.com\/tank-trailer-category\/\">remolques cisterna<\/a>. Observe la carga en el mundo real, el rendimiento del transporte y las caracter\u00edsticas de los productos para tomar mejores decisiones de adquisici\u00f3n y planificaci\u00f3n de flotas.<\/p>\n\n\n\n<div class=\"wp-block-columns mb3 layout is-layout-flex wp-container-core-columns-is-layout-1 wp-block-columns-is-layout-flex\">\n<div class=\"wp-block-column is-layout-flow wp-block-column-is-layout-flow\">\n<figure class=\"wp-block-embed is-type-video is-provider-youtube wp-block-embed-youtube wp-embed-aspect-16-9 wp-has-aspect-ratio\"><div class=\"wp-block-embed__wrapper\">\n<iframe loading=\"lazy\" title=\"Interior de la f\u00e1brica de veh\u00edculos de Fuyuan | Fabricaci\u00f3n de semirremolques\" width=\"500\" height=\"281\" src=\"https:\/\/www.youtube.com\/embed\/LCqxOFe6GWw?feature=oembed\" frameborder=\"0\" allow=\"accelerometer; autoplay; clipboard-write; encrypted-media; gyroscope; picture-in-picture; web-share\" referrerpolicy=\"strict-origin-when-cross-origin\" allowfullscreen><\/iframe>\n<\/div><\/figure>\n<\/div>\n\n\n\n<div class=\"wp-block-column is-layout-flow wp-block-column-is-layout-flow\">\n<figure class=\"wp-block-embed is-type-video is-provider-youtube wp-block-embed-youtube wp-embed-aspect-16-9 wp-has-aspect-ratio\"><div class=\"wp-block-embed__wrapper\">\n<iframe loading=\"lazy\" title=\"Semirremolque de piso m\u00f3vil: mejora de la eficiencia log\u00edstica\" width=\"500\" height=\"281\" src=\"https:\/\/www.youtube.com\/embed\/9a1SVPDZjfE?feature=oembed\" frameborder=\"0\" allow=\"accelerometer; autoplay; clipboard-write; encrypted-media; gyroscope; picture-in-picture; web-share\" referrerpolicy=\"strict-origin-when-cross-origin\" allowfullscreen><\/iframe>\n<\/div><\/figure>\n<\/div>\n\n\n\n<div class=\"wp-block-column is-layout-flow wp-block-column-is-layout-flow\">\n<figure class=\"wp-block-embed is-type-video is-provider-youtube wp-block-embed-youtube wp-embed-aspect-16-9 wp-has-aspect-ratio\"><div class=\"wp-block-embed__wrapper\">\n<iframe loading=\"lazy\" title=\"4-Axle Heavy Duty Lowbed Semi Remolque | Fuyuan Veh\u00edculo - Caracter\u00edsticas y Especificaciones\" width=\"500\" height=\"281\" src=\"https:\/\/www.youtube.com\/embed\/eMGHxYHDn4w?feature=oembed\" frameborder=\"0\" allow=\"accelerometer; autoplay; clipboard-write; encrypted-media; gyroscope; picture-in-picture; web-share\" referrerpolicy=\"strict-origin-when-cross-origin\" allowfullscreen><\/iframe>\n<\/div><\/figure>\n<\/div>\n<\/div>\n\n\n\n<style>\n\n.mb3{\nmargin-bottom:3%!important\n}\n.mb2{\nmargin-bottom:2%\n}\n\n\n\n@media screen and (min-width:781px){\n   \n\n} \n\n    <\/style>\n\n\n\n<style>\n@media screen and (max-width:781px){\n.h20{\nfont-size:20px!important\n}\n\n\n}\n\n<\/style>","protected":false},"excerpt":{"rendered":"<p>Inicio V\u00eddeo Galer\u00eda de v\u00eddeos de semirremolques de Fuyuan Explore la galer\u00eda de v\u00eddeos de Fuyuan con semirremolques pesados en acci\u00f3n, desde semirremolques de plataforma hasta semirremolques cisterna. Ver el mundo real de carga, el rendimiento del transporte, y las caracter\u00edsticas del producto para apoyar mejores decisiones de compra y planificaci\u00f3n de flotas.<\/p>","protected":false},"author":1,"featured_media":0,"parent":0,"menu_order":0,"comment_status":"closed","ping_status":"closed","template":"","meta":{"footnotes":""},"class_list":["post-7429","page","type-page","status-publish","hentry"],"yoast_head":"<!-- This site is optimized with the Yoast SEO plugin v24.4 - https:\/\/yoast.com\/wordpress\/plugins\/seo\/ -->\n<title>Semi Trailer &amp; Transport Equipment Videos | Product Demos &amp; Operational Insights<\/title>\n<meta name=\"description\" content=\"Watch Fuyuan\u2019s semi trailer and transport equipment videos, including product demonstrations, performance tests, and real-world operations. Ideal for B2B buyers, distributors, and fleet operators.\" \/>\n<meta name=\"robots\" content=\"index, follow, max-snippet:-1, max-image-preview:large, max-video-preview:-1\" \/>\n<link rel=\"canonical\" href=\"https:\/\/www.fuyuanvehicle.com\/es\/video\/\" \/>\n<meta property=\"og:locale\" content=\"es_ES\" \/>\n<meta property=\"og:type\" content=\"article\" \/>\n<meta property=\"og:title\" content=\"Semi Trailer &amp; Transport Equipment Videos | Product Demos &amp; Operational Insights\" \/>\n<meta property=\"og:description\" content=\"Watch Fuyuan\u2019s semi trailer and transport equipment videos, including product demonstrations, performance tests, and real-world operations. Ideal for B2B buyers, distributors, and fleet operators.\" \/>\n<meta property=\"og:url\" content=\"https:\/\/www.fuyuanvehicle.com\/es\/video\/\" \/>\n<meta property=\"og:site_name\" content=\"SHANDONG FUYUAN VEHICLE CO., LTD.\" \/>\n<meta property=\"article:publisher\" content=\"https:\/\/www.facebook.com\/FuyuanVehicle\" \/>\n<meta property=\"article:modified_time\" content=\"2026-01-19T08:40:02+00:00\" \/>\n<meta property=\"og:image\" content=\"https:\/\/www.fuyuanvehicle.com\/wp-content\/uploads\/2026\/01\/Fuyuan-Vehicle-Manufacturer-for-Logistics-and-Energy-Transportation-Equipment-1.webp\" \/>\n\t<meta property=\"og:image:width\" content=\"558\" \/>\n\t<meta property=\"og:image:height\" content=\"414\" \/>\n\t<meta property=\"og:image:type\" content=\"image\/webp\" \/>\n<meta name=\"twitter:card\" content=\"summary_large_image\" \/>\n<meta name=\"twitter:label1\" content=\"Est. reading time\" \/>\n\t<meta name=\"twitter:data1\" content=\"1 minuto\" \/>\n<script type=\"application\/ld+json\" class=\"yoast-schema-graph\">{\"@context\":\"https:\/\/schema.org\",\"@graph\":[{\"@type\":\"WebPage\",\"@id\":\"https:\/\/www.fuyuanvehicle.com\/video\/\",\"url\":\"https:\/\/www.fuyuanvehicle.com\/video\/\",\"name\":\"Semi Trailer & Transport Equipment Videos | Product Demos & Operational Insights\",\"isPartOf\":{\"@id\":\"https:\/\/www.fuyuanvehicle.com\/#website\"},\"datePublished\":\"2025-12-10T08:29:08+00:00\",\"dateModified\":\"2026-01-19T08:40:02+00:00\",\"description\":\"Watch Fuyuan\u2019s semi trailer and transport equipment videos, including product demonstrations, performance tests, and real-world operations. Ideal for B2B buyers, distributors, and fleet operators.\",\"breadcrumb\":{\"@id\":\"https:\/\/www.fuyuanvehicle.com\/video\/#breadcrumb\"},\"inLanguage\":\"es\",\"potentialAction\":[{\"@type\":\"ReadAction\",\"target\":[\"https:\/\/www.fuyuanvehicle.com\/video\/\"]}]},{\"@type\":\"BreadcrumbList\",\"@id\":\"https:\/\/www.fuyuanvehicle.com\/video\/#breadcrumb\",\"itemListElement\":[{\"@type\":\"ListItem\",\"position\":1,\"name\":\"Home\",\"item\":\"https:\/\/www.fuyuanvehicle.com\/\"},{\"@type\":\"ListItem\",\"position\":2,\"name\":\"Video\"}]},{\"@type\":\"WebSite\",\"@id\":\"https:\/\/www.fuyuanvehicle.com\/#website\",\"url\":\"https:\/\/www.fuyuanvehicle.com\/\",\"name\":\"SHANDONG FUYUAN VEHICLE CO., LTD.\",\"description\":\"SHANDONG FUYUAN VEHICLE CO., LTD.\",\"publisher\":{\"@id\":\"https:\/\/www.fuyuanvehicle.com\/#organization\"},\"potentialAction\":[{\"@type\":\"SearchAction\",\"target\":{\"@type\":\"EntryPoint\",\"urlTemplate\":\"https:\/\/www.fuyuanvehicle.com\/?s={search_term_string}\"},\"query-input\":{\"@type\":\"PropertyValueSpecification\",\"valueRequired\":true,\"valueName\":\"search_term_string\"}}],\"inLanguage\":\"es\"},{\"@type\":\"Organization\",\"@id\":\"https:\/\/www.fuyuanvehicle.com\/#organization\",\"name\":\"SHANDONG FUYUAN VEHICLE CO., LTD.\",\"url\":\"https:\/\/www.fuyuanvehicle.com\/\",\"logo\":{\"@type\":\"ImageObject\",\"inLanguage\":\"es\",\"@id\":\"https:\/\/www.fuyuanvehicle.com\/#\/schema\/logo\/image\/\",\"url\":\"https:\/\/www.fuyuanvehicle.com\/wp-content\/uploads\/2026\/01\/Fuyuan-Vehicle-Manufacturer-for-Logistics-and-Energy-Transportation-Equipment-1.webp\",\"contentUrl\":\"https:\/\/www.fuyuanvehicle.com\/wp-content\/uploads\/2026\/01\/Fuyuan-Vehicle-Manufacturer-for-Logistics-and-Energy-Transportation-Equipment-1.webp\",\"width\":558,\"height\":414,\"caption\":\"SHANDONG FUYUAN VEHICLE CO., LTD.\"},\"image\":{\"@id\":\"https:\/\/www.fuyuanvehicle.com\/#\/schema\/logo\/image\/\"},\"sameAs\":[\"https:\/\/www.facebook.com\/FuyuanVehicle\",\"https:\/\/www.youtube.com\/@FuyuanVehicle\"]}]}<\/script>\n<!-- \/ Yoast SEO plugin. -->","yoast_head_json":{"title":"Semi Trailer & Transport Equipment Videos | Product Demos & Operational Insights","description":"Watch Fuyuan\u2019s semi trailer and transport equipment videos, including product demonstrations, performance tests, and real-world operations. Ideal for B2B buyers, distributors, and fleet operators.","robots":{"index":"index","follow":"follow","max-snippet":"max-snippet:-1","max-image-preview":"max-image-preview:large","max-video-preview":"max-video-preview:-1"},"canonical":"https:\/\/www.fuyuanvehicle.com\/es\/video\/","og_locale":"es_ES","og_type":"article","og_title":"Semi Trailer & Transport Equipment Videos | Product Demos & Operational Insights","og_description":"Watch Fuyuan\u2019s semi trailer and transport equipment videos, including product demonstrations, performance tests, and real-world operations. Ideal for B2B buyers, distributors, and fleet operators.","og_url":"https:\/\/www.fuyuanvehicle.com\/es\/video\/","og_site_name":"SHANDONG FUYUAN VEHICLE CO., LTD.","article_publisher":"https:\/\/www.facebook.com\/FuyuanVehicle","article_modified_time":"2026-01-19T08:40:02+00:00","og_image":[{"width":558,"height":414,"url":"https:\/\/www.fuyuanvehicle.com\/wp-content\/uploads\/2026\/01\/Fuyuan-Vehicle-Manufacturer-for-Logistics-and-Energy-Transportation-Equipment-1.webp","type":"image\/webp"}],"twitter_card":"summary_large_image","twitter_misc":{"Est. reading time":"1 minuto"},"schema":{"@context":"https:\/\/schema.org","@graph":[{"@type":"WebPage","@id":"https:\/\/www.fuyuanvehicle.com\/video\/","url":"https:\/\/www.fuyuanvehicle.com\/video\/","name":"Semi Trailer & Transport Equipment Videos | Product Demos & Operational Insights","isPartOf":{"@id":"https:\/\/www.fuyuanvehicle.com\/#website"},"datePublished":"2025-12-10T08:29:08+00:00","dateModified":"2026-01-19T08:40:02+00:00","description":"Watch Fuyuan\u2019s semi trailer and transport equipment videos, including product demonstrations, performance tests, and real-world operations. Ideal for B2B buyers, distributors, and fleet operators.","breadcrumb":{"@id":"https:\/\/www.fuyuanvehicle.com\/video\/#breadcrumb"},"inLanguage":"es","potentialAction":[{"@type":"ReadAction","target":["https:\/\/www.fuyuanvehicle.com\/video\/"]}]},{"@type":"BreadcrumbList","@id":"https:\/\/www.fuyuanvehicle.com\/video\/#breadcrumb","itemListElement":[{"@type":"ListItem","position":1,"name":"Home","item":"https:\/\/www.fuyuanvehicle.com\/"},{"@type":"ListItem","position":2,"name":"Video"}]},{"@type":"WebSite","@id":"https:\/\/www.fuyuanvehicle.com\/#website","url":"https:\/\/www.fuyuanvehicle.com\/","name":"SHANDONG FUYUAN VEHICLE CO., LTD.","description":"SHANDONG FUYUAN VEHICLE CO., LTD.","publisher":{"@id":"https:\/\/www.fuyuanvehicle.com\/#organization"},"potentialAction":[{"@type":"SearchAction","target":{"@type":"EntryPoint","urlTemplate":"https:\/\/www.fuyuanvehicle.com\/?s={search_term_string}"},"query-input":{"@type":"PropertyValueSpecification","valueRequired":true,"valueName":"search_term_string"}}],"inLanguage":"es"},{"@type":"Organization","@id":"https:\/\/www.fuyuanvehicle.com\/#organization","name":"SHANDONG FUYUAN VEHICLE CO., LTD.","url":"https:\/\/www.fuyuanvehicle.com\/","logo":{"@type":"ImageObject","inLanguage":"es","@id":"https:\/\/www.fuyuanvehicle.com\/#\/schema\/logo\/image\/","url":"https:\/\/www.fuyuanvehicle.com\/wp-content\/uploads\/2026\/01\/Fuyuan-Vehicle-Manufacturer-for-Logistics-and-Energy-Transportation-Equipment-1.webp","contentUrl":"https:\/\/www.fuyuanvehicle.com\/wp-content\/uploads\/2026\/01\/Fuyuan-Vehicle-Manufacturer-for-Logistics-and-Energy-Transportation-Equipment-1.webp","width":558,"height":414,"caption":"SHANDONG FUYUAN VEHICLE CO., LTD."},"image":{"@id":"https:\/\/www.fuyuanvehicle.com\/#\/schema\/logo\/image\/"},"sameAs":["https:\/\/www.facebook.com\/FuyuanVehicle","https:\/\/www.youtube.com\/@FuyuanVehicle"]}]}},"_links":{"self":[{"href":"https:\/\/www.fuyuanvehicle.com\/es\/wp-json\/wp\/v2\/pages\/7429","targetHints":{"allow":["GET"]}}],"collection":[{"href":"https:\/\/www.fuyuanvehicle.com\/es\/wp-json\/wp\/v2\/pages"}],"about":[{"href":"https:\/\/www.fuyuanvehicle.com\/es\/wp-json\/wp\/v2\/types\/page"}],"author":[{"embeddable":true,"href":"https:\/\/www.fuyuanvehicle.com\/es\/wp-json\/wp\/v2\/users\/1"}],"replies":[{"embeddable":true,"href":"https:\/\/www.fuyuanvehicle.com\/es\/wp-json\/wp\/v2\/comments?post=7429"}],"version-history":[{"count":27,"href":"https:\/\/www.fuyuanvehicle.com\/es\/wp-json\/wp\/v2\/pages\/7429\/revisions"}],"predecessor-version":[{"id":7860,"href":"https:\/\/www.fuyuanvehicle.com\/es\/wp-json\/wp\/v2\/pages\/7429\/revisions\/7860"}],"wp:attachment":[{"href":"https:\/\/www.fuyuanvehicle.com\/es\/wp-json\/wp\/v2\/media?parent=7429"}],"curies":[{"name":"wp","href":"https:\/\/api.w.org\/{rel}","templated":true}]}}